{"id":1432,"date":"2025-07-18T18:48:53","date_gmt":"2025-07-18T16:48:53","guid":{"rendered":"https:\/\/crossfit91522.de\/?page_id=1432"},"modified":"2025-07-18T18:48:53","modified_gmt":"2025-07-18T16:48:53","slug":"impressum","status":"publish","type":"page","link":"https:\/\/crossfit91522.de\/index.php\/impressum\/","title":{"rendered":"Impressum"},"content":{"rendered":"<div class=\"fusion-fullwidth fullwidth-box fusion-builder-row-1 fusion-flex-container nonhundred-percent-fullwidth non-hundred-percent-height-scrolling\" style=\"--awb-border-radius-top-left:0px;--awb-border-radius-top-right:0px;--awb-border-radius-bottom-right:0px;--awb-border-radius-bottom-left:0px;--awb-flex-wrap:wrap;\" ><div class=\"fusion-builder-row fusion-row fusion-flex-align-items-flex-start fusion-flex-content-wrap\" style=\"max-width:1216.8px;margin-left: calc(-4% \/ 2 );margin-right: calc(-4% \/ 2 );\"><div class=\"fusion-layout-column fusion_builder_column fusion-builder-column-0 fusion_builder_column_1_1 1_1 fusion-flex-column\" style=\"--awb-bg-blend:overlay;--awb-bg-size:cover;--awb-width-large:100%;--awb-margin-top-large:0px;--awb-spacing-right-large:1.92%;--awb-margin-bottom-large:0px;--awb-spacing-left-large:1.92%;--awb-width-medium:100%;--awb-spacing-right-medium:1.92%;--awb-spacing-left-medium:1.92%;--awb-width-small:100%;--awb-spacing-right-small:1.92%;--awb-spacing-left-small:1.92%;\"><div class=\"fusion-column-wrapper fusion-flex-justify-content-flex-start fusion-content-layout-column\"><div class=\"fusion-text fusion-text-1\"><div class=\"page\" title=\"Page 1\"><\/div>\n<\/div><div class=\"fusion-separator fusion-full-width-sep\" style=\"align-self: center;margin-left: auto;margin-right: auto;margin-top:150px;width:100%;\"><\/div><div class=\"fusion-text fusion-text-2\"><h1 class=\"n\">DATENSCHUTZERKL\u00c4RUNG<\/h1>\n<h2 class=\"n\">SPAMSCHUTZ MIT GOOGLE RECAPTCHA<\/h2>\n<p class=\"n\">Wir haben Google reCAPTCHA in Formularen auf unserer Webseite implementiert, um zu \u00fcberpr\u00fcfen, ob die in den Formularen eingegebenen Daten von menschlichen Besuchern stammen oder von Maschinen oder automatisierten Programmen, die auch als &#8222;Bots&#8220; bekannt sind. Dieses Tool analysiert automatisch das Verhalten der Webseitenbesucher, sobald sie mit der Webseite interagieren, unter Verwendung verschiedener Informationen wie IP-Adresse, Aufenthaltsdauer und Mausbewegungen. Die verarbeiteten Daten umfassen Nutzungsdaten wie die aufgerufene Webseite, Datum und Uhrzeit des Zugriffs und Mausbewegungen sowie Kommunikationsdaten wie IP-Adressen, Browsertyp und Betriebssystem. Diese Verarbeitung richtet sich an Webseitenbesucher und Nutzer von Online-Diensten. Der Hauptzweck dieser Verarbeitung besteht darin, den Missbrauch unseres Kontaktformulars zu verhindern und dadurch die Sicherheit zu erh\u00f6hen. Die rechtliche Grundlage daf\u00fcr ist unser berechtigtes Interesse gem\u00e4\u00df Art. 6 Abs. 1 S. 1 lit. f. DSGVO. Die Datenempf\u00e4nger sind Google Ireland Ltd, ans\u00e4ssig in Google Building Gordon House, Barrow St, Dublin 4, Irland, (https:\/\/policies.google.com\/privacy) und unser Webseiten-Hosting-Anbieter. W\u00e4hrend Ihre pers\u00f6nlichen Daten innerhalb der EU verarbeitet werden, wird die Aufbewahrungsfrist f\u00fcr die verarbeiteten Daten von Google Ireland Limited bestimmt. Weitere Informationen finden Sie in der Datenschutzerkl\u00e4rung von Google reCAPTCHA: <a href=\"https:\/\/policies.google.com\/privacy?hl=de\" target=\"_blank\" rel=\"noopener\">https:\/\/policies.google.com\/privacy<\/a><\/p>\n<h2 class=\"n\">WEBSEITENANALYSE<\/h2>\n<p class=\"n\">Wenn du unsere Website besuchst, sammeln wir Informationen \u00fcber deine Nutzung durch ein Webanalyse-Tool, das von unserem Hosting-Service bereitgestellt wird. Dieses Tool sammelt und kombiniert deine IP-Adresse und deinen User Agent, verk\u00fcrzt sie und speichert diese Daten mit einer Hash-Funktion. Durch diesen Vorgang wird eine Besucherkennung erstellt, die mit einem zuf\u00e4llig generierten Wert (SALT) verschl\u00fcsselt ist, der sich alle 24 Stunden \u00e4ndert. Diese Methode stellt sicher, dass deine IP-Adresse nicht aus dem gespeicherten Besucheridentifikator rekonstruiert werden kann, so dass deine Anonymit\u00e4t gewahrt bleibt. Au\u00dferdem f\u00fchren wir diese Informationen nicht mit anderen Daten zusammen und sie werden nur auf dem Server des Hosting-Anbieters gespeichert.<\/p>\n<p>Wir verarbeiten auch Webanalysedaten, HTTP-Daten und Webanalyseprofildaten. Das von uns verwendete Webanalysetool erstellt und speichert ein Webanalyseprofil, das Details \u00fcber deine Nutzung der Website enth\u00e4lt, wie z. B. Seitenaufrufe, Besuchsh\u00e4ufigkeit, Verweildauer auf jeder Seite und den User Agent deines Ger\u00e4ts. Dazu geh\u00f6ren Nutzungsdaten (wie besuchte Webseiten und Zugriffszeiten) und Kommunikationsdaten (wie Browsertyp, Betriebssystem und IP-Adressen).<\/p>\n<p>Mit der Verarbeitung dieser Daten wollen wir das Nutzerverhalten in zusammengefasster Form analysieren, um die Darstellung und den Inhalt unserer Website zu verbessern. Die Rechtsgrundlage f\u00fcr diese Verarbeitung ist unser berechtigtes Interesse (Art. 6 Abs. 1 lit. (f) GDPR), insbesondere an der Durchf\u00fchrung von Webmessungen, um unsere Produkte und unsere Website zu verbessern.<\/p>\n<p>Die erhobenen Daten werden mit unserem Website-Hosting-Anbieter geteilt und innerhalb der EU verarbeitet.<\/p>\n<\/div><\/div><\/div><\/div><\/div>\n","protected":false},"excerpt":{"rendered":"","protected":false},"author":1,"featured_media":0,"parent":0,"menu_order":0,"comment_status":"closed","ping_status":"open","template":"","meta":{"footnotes":""},"class_list":["post-1432","page","type-page","status-publish","hentry"],"_links":{"self":[{"href":"https:\/\/crossfit91522.de\/index.php\/wp-json\/wp\/v2\/pages\/1432","targetHints":{"allow":["GET"]}}],"collection":[{"href":"https:\/\/crossfit91522.de\/index.php\/wp-json\/wp\/v2\/pages"}],"about":[{"href":"https:\/\/crossfit91522.de\/index.php\/wp-json\/wp\/v2\/types\/page"}],"author":[{"embeddable":true,"href":"https:\/\/crossfit91522.de\/index.php\/wp-json\/wp\/v2\/users\/1"}],"replies":[{"embeddable":true,"href":"https:\/\/crossfit91522.de\/index.php\/wp-json\/wp\/v2\/comments?post=1432"}],"version-history":[{"count":1,"href":"https:\/\/crossfit91522.de\/index.php\/wp-json\/wp\/v2\/pages\/1432\/revisions"}],"predecessor-version":[{"id":1433,"href":"https:\/\/crossfit91522.de\/index.php\/wp-json\/wp\/v2\/pages\/1432\/revisions\/1433"}],"wp:attachment":[{"href":"https:\/\/crossfit91522.de\/index.php\/wp-json\/wp\/v2\/media?parent=1432"}],"curies":[{"name":"wp","href":"https:\/\/api.w.org\/{rel}","templated":true}]}}